{"id":1081,"date":"2023-11-08T19:53:59","date_gmt":"2023-11-09T00:53:59","guid":{"rendered":"https:\/\/fortyfourthavenue.com\/?post_type=product&#038;p=1081"},"modified":"2023-11-08T20:34:45","modified_gmt":"2023-11-09T01:34:45","slug":"water-melon","status":"publish","type":"product","link":"https:\/\/fortyfourthavenue.com\/fr\/produit\/water-melon\/","title":{"rendered":"Melon d'eau"},"content":{"rendered":"<p>Une tuque pleine de go\u00fbt. Celle-ci nous rappelle les \u00e9t\u00e9s chauds. Quand on savoure les melons d'eau.<\/p>","protected":false},"excerpt":{"rendered":"<p>Une tuque pleine de go\u00fbt. Celle-ci nous rappelle les \u00e9t\u00e9s chauds. Quand on savoure les melons d'eau.<\/p>","protected":false},"featured_media":1082,"comment_status":"open","ping_status":"closed","template":"","meta":{"_coblocks_attr":"","_coblocks_dimensions":"","_coblocks_responsive_height":"","_coblocks_accordion_ie_support":""},"product_brand":[],"product_cat":[67],"product_tag":[],"class_list":{"0":"post-1081","1":"product","2":"type-product","3":"status-publish","4":"has-post-thumbnail","6":"product_cat-knitted-hats","8":"first","9":"instock","10":"taxable","11":"shipping-taxable","12":"purchasable","13":"product-type-simple"},"jetpack_sharing_enabled":true,"_links":{"self":[{"href":"https:\/\/fortyfourthavenue.com\/fr\/wp-json\/wp\/v2\/product\/1081","targetHints":{"allow":["GET"]}}],"collection":[{"href":"https:\/\/fortyfourthavenue.com\/fr\/wp-json\/wp\/v2\/product"}],"about":[{"href":"https:\/\/fortyfourthavenue.com\/fr\/wp-json\/wp\/v2\/types\/product"}],"replies":[{"embeddable":true,"href":"https:\/\/fortyfourthavenue.com\/fr\/wp-json\/wp\/v2\/comments?post=1081"}],"wp:featuredmedia":[{"embeddable":true,"href":"https:\/\/fortyfourthavenue.com\/fr\/wp-json\/wp\/v2\/media\/1082"}],"wp:attachment":[{"href":"https:\/\/fortyfourthavenue.com\/fr\/wp-json\/wp\/v2\/media?parent=1081"}],"wp:term":[{"taxonomy":"product_brand","embeddable":true,"href":"https:\/\/fortyfourthavenue.com\/fr\/wp-json\/wp\/v2\/product_brand?post=1081"},{"taxonomy":"product_cat","embeddable":true,"href":"https:\/\/fortyfourthavenue.com\/fr\/wp-json\/wp\/v2\/product_cat?post=1081"},{"taxonomy":"product_tag","embeddable":true,"href":"https:\/\/fortyfourthavenue.com\/fr\/wp-json\/wp\/v2\/product_tag?post=1081"}],"curies":[{"name":"wp","href":"https:\/\/api.w.org\/{rel}","templated":true}]}}