{"id":298,"date":"2021-11-29T13:48:37","date_gmt":"2021-11-29T13:48:37","guid":{"rendered":"https:\/\/fortyfourthavenue.com\/?page_id=298"},"modified":"2023-11-08T22:56:53","modified_gmt":"2023-11-09T03:56:53","slug":"products","status":"publish","type":"page","link":"https:\/\/fortyfourthavenue.com\/fr\/products\/","title":{"rendered":"Produits"},"content":{"rendered":"\t\t<div data-elementor-type=\"wp-page\" data-elementor-id=\"298\" class=\"elementor elementor-298\" data-elementor-post-type=\"page\">\n\t\t\t\t\t\t<section class=\"elementor-section elementor-top-section elementor-element elementor-element-783b3fe elementor-section-full_width elementor-section-height-default elementor-section-height-default\" data-id=\"783b3fe\" data-element_type=\"section\" data-e-type=\"section\" data-settings=\"{&quot;motion_fx_motion_fx_scrolling&quot;:&quot;yes&quot;,&quot;motion_fx_devices&quot;:[&quot;desktop&quot;,&quot;tablet&quot;,&quot;mobile&quot;]}\">\n\t\t\t\t\t\t<div class=\"elementor-container elementor-column-gap-no\">\n\t\t\t\t\t<div class=\"elementor-column elementor-col-100 elementor-top-column elementor-element elementor-element-aa222b8\" data-id=\"aa222b8\" data-element_type=\"column\" data-e-type=\"column\">\n\t\t\t<div class=\"elementor-widget-wrap elementor-element-populated\">\n\t\t\t\t\t\t<div class=\"elementor-element elementor-element-f262ea8 elementor-grid-3 elementor-grid-tablet-3 elementor-grid-mobile-2 elementor-products-grid elementor-wc-products elementor-invisible elementor-widget elementor-widget-wc-categories\" data-id=\"f262ea8\" data-element_type=\"widget\" data-e-type=\"widget\" data-settings=\"{&quot;motion_fx_motion_fx_scrolling&quot;:&quot;yes&quot;,&quot;motion_fx_range&quot;:&quot;page&quot;,&quot;motion_fx_motion_fx_mouse&quot;:&quot;yes&quot;,&quot;_animation&quot;:&quot;fadeIn&quot;,&quot;motion_fx_devices&quot;:[&quot;desktop&quot;,&quot;tablet&quot;,&quot;mobile&quot;]}\" data-widget_type=\"wc-categories.default\">\n\t\t\t\t<div class=\"elementor-widget-container\">\n\t\t\t\t\t<div class=\"woocommerce columns-3\"><ul class=\"products elementor-grid columns-3\">\n<li class=\"product-category product first\">\n\t<a aria-label=\"Acc\u00e9der \u00e0 la cat\u00e9gorie de produits Maps\" href=\"https:\/\/fortyfourthavenue.com\/fr\/categorie-produit\/maps\/\"><img fetchpriority=\"high\" decoding=\"async\" src=\"https:\/\/i0.wp.com\/fortyfourthavenue.com\/wp-content\/uploads\/2023\/11\/20231109_122838-2-scaled.jpg?resize=324%2C324&#038;ssl=1\" alt=\"Maps\" width=\"324\" height=\"324\" srcset=\"https:\/\/i0.wp.com\/fortyfourthavenue.com\/wp-content\/uploads\/2023\/11\/20231109_122838-2-scaled.jpg?resize=150%2C150&amp;ssl=1 150w, https:\/\/i0.wp.com\/fortyfourthavenue.com\/wp-content\/uploads\/2023\/11\/20231109_122838-2-scaled.jpg?resize=324%2C324&amp;ssl=1 324w, https:\/\/i0.wp.com\/fortyfourthavenue.com\/wp-content\/uploads\/2023\/11\/20231109_122838-2-scaled.jpg?resize=100%2C100&amp;ssl=1 100w, https:\/\/i0.wp.com\/fortyfourthavenue.com\/wp-content\/uploads\/2023\/11\/20231109_122838-2-scaled.jpg?zoom=2&amp;resize=324%2C324&amp;ssl=1 648w, https:\/\/i0.wp.com\/fortyfourthavenue.com\/wp-content\/uploads\/2023\/11\/20231109_122838-2-scaled.jpg?zoom=3&amp;resize=324%2C324&amp;ssl=1 972w\" sizes=\"(max-width: 324px) 100vw, 324px\" \/>\t\t<h2 class=\"woocommerce-loop-category__title\">\n\t\t\tMaps <mark class=\"count\">(5)<\/mark>\t\t<\/h2>\n\t\t<\/a><\/li>\n<li class=\"product-category product\">\n\t<a aria-label=\"Acc\u00e9der \u00e0 la cat\u00e9gorie de produits Knitted Hats\" href=\"https:\/\/fortyfourthavenue.com\/fr\/categorie-produit\/knitted-hats\/\"><img decoding=\"async\" src=\"https:\/\/i0.wp.com\/fortyfourthavenue.com\/wp-content\/uploads\/2023\/11\/20231027_181040-scaled.jpg?resize=324%2C324&#038;ssl=1\" alt=\"Knitted Hats\" width=\"324\" height=\"324\" srcset=\"https:\/\/i0.wp.com\/fortyfourthavenue.com\/wp-content\/uploads\/2023\/11\/20231027_181040-scaled.jpg?resize=150%2C150&amp;ssl=1 150w, https:\/\/i0.wp.com\/fortyfourthavenue.com\/wp-content\/uploads\/2023\/11\/20231027_181040-scaled.jpg?resize=324%2C324&amp;ssl=1 324w, https:\/\/i0.wp.com\/fortyfourthavenue.com\/wp-content\/uploads\/2023\/11\/20231027_181040-scaled.jpg?resize=100%2C100&amp;ssl=1 100w, https:\/\/i0.wp.com\/fortyfourthavenue.com\/wp-content\/uploads\/2023\/11\/20231027_181040-scaled.jpg?zoom=2&amp;resize=324%2C324&amp;ssl=1 648w, https:\/\/i0.wp.com\/fortyfourthavenue.com\/wp-content\/uploads\/2023\/11\/20231027_181040-scaled.jpg?zoom=3&amp;resize=324%2C324&amp;ssl=1 972w\" sizes=\"(max-width: 324px) 100vw, 324px\" \/>\t\t<h2 class=\"woocommerce-loop-category__title\">\n\t\t\tKnitted Hats <mark class=\"count\">(8)<\/mark>\t\t<\/h2>\n\t\t<\/a><\/li>\n<li class=\"product-category product last\">\n\t<a aria-label=\"Acc\u00e9der \u00e0 la cat\u00e9gorie de produits Earrings\" href=\"https:\/\/fortyfourthavenue.com\/fr\/categorie-produit\/earrings\/\"><img decoding=\"async\" src=\"https:\/\/i0.wp.com\/fortyfourthavenue.com\/wp-content\/uploads\/2023\/11\/20220102_123951-2-scaled.jpg?resize=324%2C324&#038;ssl=1\" alt=\"Earrings\" width=\"324\" height=\"324\" srcset=\"https:\/\/i0.wp.com\/fortyfourthavenue.com\/wp-content\/uploads\/2023\/11\/20220102_123951-2-scaled.jpg?resize=150%2C150&amp;ssl=1 150w, https:\/\/i0.wp.com\/fortyfourthavenue.com\/wp-content\/uploads\/2023\/11\/20220102_123951-2-scaled.jpg?resize=324%2C324&amp;ssl=1 324w, https:\/\/i0.wp.com\/fortyfourthavenue.com\/wp-content\/uploads\/2023\/11\/20220102_123951-2-scaled.jpg?resize=100%2C100&amp;ssl=1 100w, https:\/\/i0.wp.com\/fortyfourthavenue.com\/wp-content\/uploads\/2023\/11\/20220102_123951-2-scaled.jpg?zoom=2&amp;resize=324%2C324&amp;ssl=1 648w, https:\/\/i0.wp.com\/fortyfourthavenue.com\/wp-content\/uploads\/2023\/11\/20220102_123951-2-scaled.jpg?zoom=3&amp;resize=324%2C324&amp;ssl=1 972w\" sizes=\"(max-width: 324px) 100vw, 324px\" \/>\t\t<h2 class=\"woocommerce-loop-category__title\">\n\t\t\tEarrings <mark class=\"count\">(14)<\/mark>\t\t<\/h2>\n\t\t<\/a><\/li>\n<\/ul>\n<\/div>\t\t\t\t<\/div>\n\t\t\t\t<\/div>\n\t\t\t\t\t<\/div>\n\t\t<\/div>\n\t\t\t\t\t<\/div>\n\t\t<\/section>\n\t\t\t\t<\/div>\n\t\t","protected":false},"excerpt":{"rendered":"","protected":false},"author":1,"featured_media":0,"parent":0,"menu_order":0,"comment_status":"closed","ping_status":"closed","template":"elementor_header_footer","meta":{"_coblocks_attr":"","_coblocks_dimensions":"","_coblocks_responsive_height":"","_coblocks_accordion_ie_support":"","footnotes":""},"class_list":["post-298","page","type-page","status-publish","hentry"],"jetpack_sharing_enabled":true,"_links":{"self":[{"href":"https:\/\/fortyfourthavenue.com\/fr\/wp-json\/wp\/v2\/pages\/298","targetHints":{"allow":["GET"]}}],"collection":[{"href":"https:\/\/fortyfourthavenue.com\/fr\/wp-json\/wp\/v2\/pages"}],"about":[{"href":"https:\/\/fortyfourthavenue.com\/fr\/wp-json\/wp\/v2\/types\/page"}],"author":[{"embeddable":true,"href":"https:\/\/fortyfourthavenue.com\/fr\/wp-json\/wp\/v2\/users\/1"}],"replies":[{"embeddable":true,"href":"https:\/\/fortyfourthavenue.com\/fr\/wp-json\/wp\/v2\/comments?post=298"}],"version-history":[{"count":40,"href":"https:\/\/fortyfourthavenue.com\/fr\/wp-json\/wp\/v2\/pages\/298\/revisions"}],"predecessor-version":[{"id":2914,"href":"https:\/\/fortyfourthavenue.com\/fr\/wp-json\/wp\/v2\/pages\/298\/revisions\/2914"}],"wp:attachment":[{"href":"https:\/\/fortyfourthavenue.com\/fr\/wp-json\/wp\/v2\/media?parent=298"}],"curies":[{"name":"wp","href":"https:\/\/api.w.org\/{rel}","templated":true}]}}